{"id":5027,"date":"2024-09-11T12:43:13","date_gmt":"2024-09-11T10:43:13","guid":{"rendered":"https:\/\/www.cirqueleroux.com\/?page_id=5027"},"modified":"2024-09-11T12:43:14","modified_gmt":"2024-09-11T10:43:14","slug":"mentions-legales","status":"publish","type":"page","link":"https:\/\/www.cirqueleroux.com\/fr\/mentions-legales\/","title":{"rendered":"Mentions l\u00e9gales"},"content":{"rendered":"\n<p>Merci de lire avec attention les diff\u00e9rentes modalit\u00e9s d\u2019utilisation du pr\u00e9sent site avant d\u2019y parcourir ses pages.<br>En vous connectant sur ce site, vous acceptez sans r\u00e9serves les pr\u00e9sentes modalit\u00e9s.<br>Aussi, conform\u00e9ment de l\u2019Article n\u00b06 de la Loi n\u00b02004-575 du 21 Juin 2004 pour la confiance dans l\u2019\u00e9conomie num\u00e9rique,<br>les responsables du pr\u00e9sent site internet https:\/\/www.cirqueleroux.com\/ sont :<\/p>\n\n\n\n<h2 class=\"wp-block-heading\">Editeur du Site<\/h2>\n\n\n\n<p>Le site cirqueleroux.com\u00a0est \u00e9dit\u00e9 par<\/p>\n\n\n\n<p>CIRQUE LE ROUX<br>Association d\u00e9clar\u00e9e<br>RNA : W401004442<br>N\u00b0 TVA : FR19797494200<br>3 IMPASSE DU PALOT 40530 LABENNE<\/p>\n\n\n\n<h2 class=\"wp-block-heading\">H\u00e9bergement<\/h2>\n\n\n\n<p>Le site cirqueleroux.com\u00a0est h\u00e9berg\u00e9 par\u00a0<br><br>IONOS SARL <br>7, place de la Gare, BP 70109, 57200 Sarreguemines Cedex,<br>431 303 775 RCS Sarreguemines,<br>T\u00e9l. : 0970 808 911<\/p>\n\n\n\n<p>Cirque Le Roux publie ce site, pour d\u00e9livrer toute information actualis\u00e9e sur l&rsquo;association, les spectacles, \u00e0 tout public professionnel ou priv\u00e9 souhaitant conna\u00eetre notre association et nos spectacles .<\/p>\n\n\n\n<p>Toute personne qui acc\u00e8de au site s\u2019engage \u00e0 respecter les pr\u00e9sentes conditions g\u00e9n\u00e9rales d\u2019utilisation d\u00e9taill\u00e9es ci-dessous.<\/p>\n\n\n\n<h2 class=\"wp-block-heading\">Propri\u00e9t\u00e9 intellectuelle<\/h2>\n\n\n\n<p>Le pr\u00e9sent site internet constitue une \u0153uvre dont Cirque Le Roux est l\u2019auteur au sens des articles L. 111.1 et suivants du Code de la propri\u00e9t\u00e9 intellectuelle.<\/p>\n\n\n\n<p>Les photographies, textes, slogans, dessins, images, s\u00e9quences anim\u00e9es sonores ou non ainsi que toutes \u0153uvres int\u00e9gr\u00e9es dans le site sont la propri\u00e9t\u00e9 de Cirque Le Roux ou de tiers ayant autoris\u00e9 Cirque Le Roux \u00e0 les utiliser. L\u2019utilisation de ces images ou photographies est interdite sans autorisation sp\u00e9cifique et expresse de Cirque Le Roux ou du tiers d\u00e9tenteur des droits.<\/p>\n\n\n\n<p>Les logos, marques, produits repr\u00e9sent\u00e9s sur le pr\u00e9sent site sont prot\u00e9g\u00e9s.<\/p>\n\n\n\n<p>Aucune reproduction, repr\u00e9sentation ou utilisation quelconque de ces photos et films ne peut \u00eatre faite par les utilisateurs du Site sans l\u2019accord \u00e9crit pr\u00e9alable de Cirque Le Roux. Toute utilisation, m\u00eame partielle de ces documents, en violation de l\u2019obligation pr\u00e9cit\u00e9e, expose son auteur \u00e0 des poursuites judiciaires.<\/p>\n\n\n\n<h2 class=\"wp-block-heading\">RESPONSABILIT\u00c9<\/h2>\n\n\n\n<p>Le Site peut inclure des liens vers d\u2019autres sites Web ou d\u2019autres sources Internet. Cirque Le Roux ne peut \u00eatre tenue pour responsable de la mise \u00e0 disposition de ces sites et sources externes, et ne peut supporter aucune responsabilit\u00e9 quant au contenu, publicit\u00e9s, produits, services ou tout autre mat\u00e9riel disponible sur ou \u00e0 partir de ces sites ou sources externes.\u00a0<\/p>\n\n\n\n<h2 class=\"wp-block-heading\">POLITIQUE DE CONFIDENTIALIT\u00c9<\/h2>\n\n\n\n<p>Cirque Le Roux est soucieux de la protection des donn\u00e9es personnelles et nous nous engageons \u00e0 assurer le meilleur niveau de protection \u00e0 vos donn\u00e9es personnelles en conformit\u00e9 avec les r\u00e9glementations europ\u00e9ennes et fran\u00e7aises applicables en mati\u00e8re de protection des donn\u00e9es personnelles.<\/p>\n\n\n\n<p>Pour exercer vos droits, vous pouvez \u00e9crire au d\u00e9l\u00e9gu\u00e9 \u00e0 la protection des donn\u00e9es par email \u00e0 <a href=\"mailto:info@www.cirqueleroux.com\">info@www.cirqueleroux.com<\/a>  ou par courrier \u00e0:<\/p>\n\n\n\n<p>CIRQUE LE ROUX &#8211; 3 IMPASSE DU PALOT 40530 LABENNE<\/p>\n\n\n\n<h2 class=\"wp-block-heading\">Liens hypertextes<\/h2>\n\n\n\n<p>La mise en place d\u2019un lien hypertexte vers\u00a0<a href=\"https:\/\/www.cirqueleroux.com\">cirqueleroux.com<\/a> n\u00e9cessite une autorisation pr\u00e9alable et \u00e9crite. Cirque Le Roux d\u00e9cline toute responsabilit\u00e9 relative au contenu des sites Internet vers lesquels des liens hypertextes pourraient renvoyer depuis le site <a href=\"https:\/\/www.cirqueleroux.com\">cirqueleroux.com<\/a><\/p>\n","protected":false},"excerpt":{"rendered":"<p>Merci de lire avec attention les diff\u00e9rentes modalit\u00e9s d\u2019utilisation du pr\u00e9sent site avant d\u2019y parcourir ses pages.En vous connectant sur ce site, vous acceptez sans r\u00e9serves les pr\u00e9sentes modalit\u00e9s.Aussi, conform\u00e9ment [&hellip;]<\/p>\n<p><a href=\"https:\/\/www.cirqueleroux.com\/fr\/mentions-legales\/\" class=\"more-link style2-button\">Read More<\/a><\/p>","protected":false},"author":1,"featured_media":0,"parent":0,"menu_order":0,"comment_status":"closed","ping_status":"closed","template":"","meta":{"footnotes":""},"class_list":["post-5027","page","type-page","status-publish","hentry"],"yoast_head":"<!-- This site is optimized with the Yoast SEO plugin v24.2 - https:\/\/yoast.com\/wordpress\/plugins\/seo\/ -->\n<title>Mentions l\u00e9gales - Cirque Le Roux<\/title>\n<meta name=\"robots\" content=\"index, follow, max-snippet:-1, max-image-preview:large, max-video-preview:-1\" \/>\n<link rel=\"canonical\" href=\"https:\/\/www.cirqueleroux.com\/fr\/mentions-legales\/\" \/>\n<meta property=\"og:locale\" content=\"fr_FR\" \/>\n<meta property=\"og:type\" content=\"article\" \/>\n<meta property=\"og:title\" content=\"Mentions l\u00e9gales - Cirque Le Roux\" \/>\n<meta property=\"og:description\" content=\"Merci de lire avec attention les diff\u00e9rentes modalit\u00e9s d\u2019utilisation du pr\u00e9sent site avant d\u2019y parcourir ses pages.En vous connectant sur ce site, vous acceptez sans r\u00e9serves les pr\u00e9sentes modalit\u00e9s.Aussi, conform\u00e9ment [&hellip;]\" \/>\n<meta property=\"og:url\" content=\"https:\/\/www.cirqueleroux.com\/fr\/mentions-legales\/\" \/>\n<meta property=\"og:site_name\" content=\"Cirque Le Roux\" \/>\n<meta property=\"article:modified_time\" content=\"2024-09-11T10:43:14+00:00\" \/>\n<meta name=\"twitter:card\" content=\"summary_large_image\" \/>\n<meta name=\"twitter:label1\" content=\"Dur\u00e9e de lecture estim\u00e9e\" \/>\n\t<meta name=\"twitter:data1\" content=\"3 minutes\" \/>\n<script type=\"application\/ld+json\" class=\"yoast-schema-graph\">{\"@context\":\"https:\/\/schema.org\",\"@graph\":[{\"@type\":\"WebPage\",\"@id\":\"https:\/\/www.cirqueleroux.com\/fr\/mentions-legales\/\",\"url\":\"https:\/\/www.cirqueleroux.com\/fr\/mentions-legales\/\",\"name\":\"Mentions l\u00e9gales - Cirque Le Roux\",\"isPartOf\":{\"@id\":\"https:\/\/www.cirqueleroux.com\/#website\"},\"datePublished\":\"2024-09-11T10:43:13+00:00\",\"dateModified\":\"2024-09-11T10:43:14+00:00\",\"breadcrumb\":{\"@id\":\"https:\/\/www.cirqueleroux.com\/fr\/mentions-legales\/#breadcrumb\"},\"inLanguage\":\"fr-FR\",\"potentialAction\":[{\"@type\":\"ReadAction\",\"target\":[\"https:\/\/www.cirqueleroux.com\/fr\/mentions-legales\/\"]}]},{\"@type\":\"BreadcrumbList\",\"@id\":\"https:\/\/www.cirqueleroux.com\/fr\/mentions-legales\/#breadcrumb\",\"itemListElement\":[{\"@type\":\"ListItem\",\"position\":1,\"name\":\"Accueil\",\"item\":\"https:\/\/www.cirqueleroux.com\/fr\/\"},{\"@type\":\"ListItem\",\"position\":2,\"name\":\"Mentions l\u00e9gales\"}]},{\"@type\":\"WebSite\",\"@id\":\"https:\/\/www.cirqueleroux.com\/#website\",\"url\":\"https:\/\/www.cirqueleroux.com\/\",\"name\":\"Cirque Le Roux\",\"description\":\"\",\"potentialAction\":[{\"@type\":\"SearchAction\",\"target\":{\"@type\":\"EntryPoint\",\"urlTemplate\":\"https:\/\/www.cirqueleroux.com\/?s={search_term_string}\"},\"query-input\":{\"@type\":\"PropertyValueSpecification\",\"valueRequired\":true,\"valueName\":\"search_term_string\"}}],\"inLanguage\":\"fr-FR\"}]}<\/script>\n<!-- \/ Yoast SEO plugin. -->","yoast_head_json":{"title":"Mentions l\u00e9gales - Cirque Le Roux","robots":{"index":"index","follow":"follow","max-snippet":"max-snippet:-1","max-image-preview":"max-image-preview:large","max-video-preview":"max-video-preview:-1"},"canonical":"https:\/\/www.cirqueleroux.com\/fr\/mentions-legales\/","og_locale":"fr_FR","og_type":"article","og_title":"Mentions l\u00e9gales - Cirque Le Roux","og_description":"Merci de lire avec attention les diff\u00e9rentes modalit\u00e9s d\u2019utilisation du pr\u00e9sent site avant d\u2019y parcourir ses pages.En vous connectant sur ce site, vous acceptez sans r\u00e9serves les pr\u00e9sentes modalit\u00e9s.Aussi, conform\u00e9ment [&hellip;]","og_url":"https:\/\/www.cirqueleroux.com\/fr\/mentions-legales\/","og_site_name":"Cirque Le Roux","article_modified_time":"2024-09-11T10:43:14+00:00","twitter_card":"summary_large_image","twitter_misc":{"Dur\u00e9e de lecture estim\u00e9e":"3 minutes"},"schema":{"@context":"https:\/\/schema.org","@graph":[{"@type":"WebPage","@id":"https:\/\/www.cirqueleroux.com\/fr\/mentions-legales\/","url":"https:\/\/www.cirqueleroux.com\/fr\/mentions-legales\/","name":"Mentions l\u00e9gales - Cirque Le Roux","isPartOf":{"@id":"https:\/\/www.cirqueleroux.com\/#website"},"datePublished":"2024-09-11T10:43:13+00:00","dateModified":"2024-09-11T10:43:14+00:00","breadcrumb":{"@id":"https:\/\/www.cirqueleroux.com\/fr\/mentions-legales\/#breadcrumb"},"inLanguage":"fr-FR","potentialAction":[{"@type":"ReadAction","target":["https:\/\/www.cirqueleroux.com\/fr\/mentions-legales\/"]}]},{"@type":"BreadcrumbList","@id":"https:\/\/www.cirqueleroux.com\/fr\/mentions-legales\/#breadcrumb","itemListElement":[{"@type":"ListItem","position":1,"name":"Accueil","item":"https:\/\/www.cirqueleroux.com\/fr\/"},{"@type":"ListItem","position":2,"name":"Mentions l\u00e9gales"}]},{"@type":"WebSite","@id":"https:\/\/www.cirqueleroux.com\/#website","url":"https:\/\/www.cirqueleroux.com\/","name":"Cirque Le Roux","description":"","potentialAction":[{"@type":"SearchAction","target":{"@type":"EntryPoint","urlTemplate":"https:\/\/www.cirqueleroux.com\/?s={search_term_string}"},"query-input":{"@type":"PropertyValueSpecification","valueRequired":true,"valueName":"search_term_string"}}],"inLanguage":"fr-FR"}]}},"_links":{"self":[{"href":"https:\/\/www.cirqueleroux.com\/fr\/wp-json\/wp\/v2\/pages\/5027","targetHints":{"allow":["GET"]}}],"collection":[{"href":"https:\/\/www.cirqueleroux.com\/fr\/wp-json\/wp\/v2\/pages"}],"about":[{"href":"https:\/\/www.cirqueleroux.com\/fr\/wp-json\/wp\/v2\/types\/page"}],"author":[{"embeddable":true,"href":"https:\/\/www.cirqueleroux.com\/fr\/wp-json\/wp\/v2\/users\/1"}],"replies":[{"embeddable":true,"href":"https:\/\/www.cirqueleroux.com\/fr\/wp-json\/wp\/v2\/comments?post=5027"}],"version-history":[{"count":0,"href":"https:\/\/www.cirqueleroux.com\/fr\/wp-json\/wp\/v2\/pages\/5027\/revisions"}],"wp:attachment":[{"href":"https:\/\/www.cirqueleroux.com\/fr\/wp-json\/wp\/v2\/media?parent=5027"}],"curies":[{"name":"wp","href":"https:\/\/api.w.org\/{rel}","templated":true}]}}