{"id":4470,"date":"2022-09-20T15:27:12","date_gmt":"2022-09-20T13:27:12","guid":{"rendered":"https:\/\/www.cirqueleroux.com\/?page_id=4470"},"modified":"2024-09-26T16:08:34","modified_gmt":"2024-09-26T14:08:34","slug":"les-collaborations-artistiques","status":"publish","type":"page","link":"https:\/\/www.cirqueleroux.com\/fr\/les-collaborations-artistiques\/","title":{"rendered":"MAISON LE ROUX"},"content":{"rendered":"<div  class=\"tatsu-rkbG7qkX0C tatsu-section  tatsu-bg-overlay   tatsu-clearfix\" data-title=\"\"  data-headerscheme=\"background--dark\"><div class='tatsu-section-pad clearfix' data-padding='{\"d\":\"3% 0px 3% 0px\"}' data-padding-top='3%'><div class=\"tatsu-row-wrap  tatsu-wrap tatsu-row-one-col tatsu-row-has-one-cols tatsu-medium-gutter tatsu-reg-cols  tatsu-clearfix tatsu-Hygz7cy7R0\" ><div  class=\"tatsu-row \" ><div  class=\"tatsu-column  tatsu-bg-overlay tatsu-one-col tatsu-column-image-none tatsu-column-effect-none  tatsu-r1G791m0A\"  data-parallax-speed=\"0\" style=\"\"><div class=\"tatsu-column-inner \" ><div class=\"tatsu-column-pad-wrap\"><div class=\"tatsu-column-pad\" ><div  class=\"tatsu-module tatsu-inline-text clearfix tatsu-SyfCCYYB35   \" ><style>.tatsu-SyfCCYYB35 .tatsu-inline-text-inner{width: 91%;text-align: center;}.tatsu-SyfCCYYB35.tatsu-inline-text{margin: 0px 0px 20px 0px ;}.tatsu-SyfCCYYB35.tatsu-inline-text .tatsu-inline-text-inner *{text-transform : none;font-size : 32px;}@media only screen and (max-width: 767px) {.tatsu-SyfCCYYB35 .tatsu-inline-text-inner{width: 100%;}.tatsu-SyfCCYYB35.tatsu-inline-text .tatsu-inline-text-inner *{text-transform : none;font-size : 27px;}}<\/style><div class=\"tatsu-inline-text-inner tatsu-align-center\">\n<h6 style=\"text-align: center;\"><span style=\"color: #000000;\">LES COLLABORATIONS ARTISTIQUES DU CIRQUE LE ROUX<\/span><\/h6>\n<\/div><\/div><\/div><\/div><div class = \"tatsu-column-bg-image-wrap\"><div class = \"tatsu-column-bg-image\" ><\/div><\/div><div class=\"tatsu-overlay tatsu-column-overlay tatsu-animate-none\" ><\/div><\/div><style>.tatsu-row > .tatsu-r1G791m0A.tatsu-column{width: 100%;}.tatsu-r1G791m0A.tatsu-column > .tatsu-column-inner > .tatsu-column-overlay{mix-blend-mode: normal;}.tatsu-r1G791m0A > .tatsu-column-inner > .tatsu-top-divider{z-index: 9999;}.tatsu-r1G791m0A > .tatsu-column-inner > .tatsu-bottom-divider{z-index: 9999;}.tatsu-r1G791m0A > .tatsu-column-inner > .tatsu-left-divider{z-index: 9999;}.tatsu-r1G791m0A > .tatsu-column-inner > .tatsu-right-divider{z-index: 9999;}@media only screen and (max-width:1377px) {.tatsu-row > .tatsu-r1G791m0A.tatsu-column{width: 100%;}}@media only screen and (min-width:768px) and (max-width: 1024px) {.tatsu-row > .tatsu-r1G791m0A.tatsu-column{width: 100%;}}@media only screen and (max-width: 767px) {.tatsu-row > .tatsu-r1G791m0A.tatsu-column{width: 100%;}}<\/style><\/div><\/div><\/div><\/div><div class=\"tatsu-section-background-wrap\"><div class = \"tatsu-section-background\" ><\/div><\/div><div class=\"tatsu-overlay tatsu-section-overlay\"><\/div><style>.tatsu-rkbG7qkX0C .tatsu-section-pad{padding: 3% 0px 3% 0px;}.tatsu-rkbG7qkX0C .tatsu-section-offset-wrap{transform: translateY(-0px);}.tatsu-rkbG7qkX0C > .tatsu-bottom-divider{z-index: 9999;}.tatsu-rkbG7qkX0C > .tatsu-top-divider{z-index: 9999;}.tatsu-rkbG7qkX0C .tatsu-section-overlay{mix-blend-mode: normal;}<\/style><\/div><div  class=\"tatsu-SkZa0Mxw8A tatsu-section  tatsu-bg-overlay   tatsu-clearfix\" data-title=\"\"  data-headerscheme=\"background--dark\"><div class='tatsu-section-pad clearfix' data-padding='{\"d\":\"24px 0px 40px 0px\"}' data-padding-top='24px'><div class=\"tatsu-row-wrap  tatsu-wrap tatsu-row-one-col tatsu-row-has-one-cols tatsu-medium-gutter tatsu-reg-cols  tatsu-clearfix tatsu-H1lT0MgwIR\" ><div  class=\"tatsu-row \" ><div  class=\"tatsu-column  tatsu-bg-overlay tatsu-one-col tatsu-column-image-none tatsu-column-effect-none  tatsu-H1TAfgv8A\"  data-parallax-speed=\"0\" style=\"\"><div class=\"tatsu-column-inner \" ><div class=\"tatsu-column-pad-wrap\"><div class=\"tatsu-column-pad\" ><div  class=\"tatsu-module tatsu-text-block-wrap tatsu-HycJQxP8A  \"><div class=\"tatsu-text-inner tatsu-align-center  clearfix\" ><style>.tatsu-HycJQxP8A.tatsu-text-block-wrap .tatsu-text-inner{width: 100%;text-align: left;}<\/style>\n<p style=\"text-align: center;\"><span style=\"font-weight: 400;\">Notre objectif est de favoriser la collaboration artistique, la mixit\u00e9 dans l\u2019art, le partage et l\u2019accompagnement. Depuis plusieurs ann\u00e9es, La Maison Le Roux s&rsquo;engage \u00e0 soutenir des projets de mise en sc\u00e8ne, de sc\u00e9nographie et de cr\u00e9ation visuelle. V\u00e9ritable p\u00f4le d\u2019\u00e9mergence pour les projets artistiques innovants, nous nous consacrons \u00e0 promouvoir la cr\u00e9ativit\u00e9 sous toutes ses formes.<\/span><\/p>\n<\/div><\/div><div  class = \"portfolio-all-wrap oshine-portfolio-module tatsu-ByGzVvnnA\"  > <style>.tatsu-ByGzVvnnA{padding: 0px 3% 0px 3%;}<\/style><div class=\"portfolio full-screen  full-screen-gutter masonry_enable style1-gutter three-col \"  data-action=\"get_ajax_full_screen_gutter_portfolio\" data-category=\"projets\" data-aspect-ratio = \"1.6\" data-enable-masonry=\"1\" data-showposts=\"9\" data-paged=\"2\" data-col=\"three\" data-gallery=\"0\" data-filter=\"portfolio_categories\" data-meta_to_show=\"portfolio_categories\" data-show_filters=\"no\" data-thumbnail-bg-color=\"\" data-thumbnail-bg-gradient=\"background-image: -o-linear-gradient(right, rgba(16,0,0,0.24) 0%, rgba(16,0,0,0.24) 100%);background-image: -moz-linear-gradient(right, rgba(16,0,0,0.24) 0%, rgba(16,0,0,0.24) 100%);background-image: -webkit-linear-gradient(right, rgba(16,0,0,0.24) 0%, rgba(16,0,0,0.24) 100%);background-image: -ms-linear-gradient(right, rgba(16,0,0,0.24) 0%, rgba(16,0,0,0.24) 100%);background-image: linear-gradient(to right, rgba(16,0,0,0.24) 0%, rgba(16,0,0,0.24) 100%);\" data-title-style=\"style1\" data-cat-color=\"\" data-title-color=\"rgba(255,255,255,1)\" data-hover-style=\"style1-hover\"  data-gutter-width=\"5\" data-img-grayscale=\"c_to_c\" data-image-effect=\"zoom-in\"\" data-gradient-style-color=\"background-image: -o-linear-gradient(right, rgba(16,0,0,0.24) 0%, rgba(16,0,0,0.24) 100%);background-image: -moz-linear-gradient(right, rgba(16,0,0,0.24) 0%, rgba(16,0,0,0.24) 100%);background-image: -webkit-linear-gradient(right, rgba(16,0,0,0.24) 0%, rgba(16,0,0,0.24) 100%);background-image: -ms-linear-gradient(right, rgba(16,0,0,0.24) 0%, rgba(16,0,0,0.24) 100%);background-image: linear-gradient(to right, rgba(16,0,0,0.24) 0%, rgba(16,0,0,0.24) 100%);\" data-cat-hide=\"1\" data-like-indicator=\"1\" style=\"margin-right: 5px;\"><div class=\"portfolio-container clickable clearfix portfolio-shortcode  none \"><div class=\"element be-hoverlay not-wide no-wide-width-height style1-hover c_to_c style1-title\"style=\"margin-bottom: 5px;\" data-category-names = \"\"><div class=\"element-inner\" style=\"margin-left: 5px;\"><a href=\"https:\/\/www.cirqueleroux.com\/fr\/portfolio\/neo-romance\/\" class=\" thumb-wrap   \" data-gdpr-atts={} title=\"NEO ROMANCE\" ><div class=\"flip-wrap\" ><div data-aspect-ratio=\"1.67\"  style = \"padding-bottom : 60%;background-color:rgba(32,4,4,1);\" class=\"flip-img-wrap zoom-in-effect\"><img decoding=\"async\" src=\"https:\/\/www.cirqueleroux.com\/wp-content\/uploads\/2024\/09\/NEO-ROMANCE-650x390.png\" alt=\"\"\/><\/div><\/div><div class=\"thumb-overlay \"><div class=\"thumb-bg \" style=\"background-image: -o-linear-gradient(right, rgba(16,0,0,0.24) 0%, rgba(16,0,0,0.24) 100%);background-image: -moz-linear-gradient(right, rgba(16,0,0,0.24) 0%, rgba(16,0,0,0.24) 100%);background-image: -webkit-linear-gradient(right, rgba(16,0,0,0.24) 0%, rgba(16,0,0,0.24) 100%);background-image: -ms-linear-gradient(right, rgba(16,0,0,0.24) 0%, rgba(16,0,0,0.24) 100%);background-image: linear-gradient(to right, rgba(16,0,0,0.24) 0%, rgba(16,0,0,0.24) 100%);\"><div class=\"thumb-title-wrap \"><div class=\"thumb-title animated animation-trigger\" data-animation-type=\"none\"style=\"color:rgba(255,255,255,1);\">N\u00e9o Romance<\/div><\/div><\/div><\/div><\/a><\/div><\/div><div class=\"element be-hoverlay not-wide no-wide-width-height style1-hover c_to_c style1-title\"style=\"margin-bottom: 5px;\" data-category-names = \"\"><div class=\"element-inner\" style=\"margin-left: 5px;\"><a href=\"https:\/\/www.cirqueleroux.com\/fr\/portfolio\/hedy-lamarr\/\" class=\" thumb-wrap   \" data-gdpr-atts={} title=\"HEDY LAMARR\" ><div class=\"flip-wrap\" ><div data-aspect-ratio=\"0.67\"  style = \"padding-bottom : 149.97070884593%;background-color:rgba(32,4,4,1);\" class=\"flip-img-wrap zoom-in-effect\"><img decoding=\"async\" src=\"https:\/\/www.cirqueleroux.com\/wp-content\/uploads\/2024\/09\/HEDY-LAMARR-650x975.jpg\" alt=\"\"\/><\/div><\/div><div class=\"thumb-overlay \"><div class=\"thumb-bg \" style=\"background-image: -o-linear-gradient(right, rgba(16,0,0,0.24) 0%, rgba(16,0,0,0.24) 100%);background-image: -moz-linear-gradient(right, rgba(16,0,0,0.24) 0%, rgba(16,0,0,0.24) 100%);background-image: -webkit-linear-gradient(right, rgba(16,0,0,0.24) 0%, rgba(16,0,0,0.24) 100%);background-image: -ms-linear-gradient(right, rgba(16,0,0,0.24) 0%, rgba(16,0,0,0.24) 100%);background-image: linear-gradient(to right, rgba(16,0,0,0.24) 0%, rgba(16,0,0,0.24) 100%);\"><div class=\"thumb-title-wrap \"><div class=\"thumb-title animated animation-trigger\" data-animation-type=\"none\"style=\"color:rgba(255,255,255,1);\">Hedy Lamarr<\/div><\/div><\/div><\/div><\/a><\/div><\/div><div class=\"element be-hoverlay not-wide no-wide-width-height style1-hover c_to_c style1-title\"style=\"margin-bottom: 5px;\" data-category-names = \"\"><div class=\"element-inner\" style=\"margin-left: 5px;\"><a href=\"https:\/\/www.cirqueleroux.com\/fr\/portfolio\/la-revanche-de-vivanne-rose\/\" class=\" thumb-wrap   \" data-gdpr-atts={} title=\"Viviane-Rose-RVB-scaled\" ><div class=\"flip-wrap\" ><div data-aspect-ratio=\"0.67\"  style = \"padding-bottom : 148.75072632191%;background-color:rgba(32,4,4,1);\" class=\"flip-img-wrap zoom-in-effect\"><img decoding=\"async\" src=\"https:\/\/www.cirqueleroux.com\/wp-content\/uploads\/2022\/09\/Viviane-Rose-RVB-scaled-1-650x967.jpg\" alt=\"\"\/><\/div><\/div><div class=\"thumb-overlay \"><div class=\"thumb-bg \" style=\"background-image: -o-linear-gradient(right, rgba(16,0,0,0.24) 0%, rgba(16,0,0,0.24) 100%);background-image: -moz-linear-gradient(right, rgba(16,0,0,0.24) 0%, rgba(16,0,0,0.24) 100%);background-image: -webkit-linear-gradient(right, rgba(16,0,0,0.24) 0%, rgba(16,0,0,0.24) 100%);background-image: -ms-linear-gradient(right, rgba(16,0,0,0.24) 0%, rgba(16,0,0,0.24) 100%);background-image: linear-gradient(to right, rgba(16,0,0,0.24) 0%, rgba(16,0,0,0.24) 100%);\"><div class=\"thumb-title-wrap \"><div class=\"thumb-title animated animation-trigger\" data-animation-type=\"none\"style=\"color:rgba(255,255,255,1);\">La Revanche de Vivanne Rose<\/div><\/div><\/div><\/div><\/a><\/div><\/div><div class=\"element be-hoverlay not-wide no-wide-width-height style1-hover c_to_c style1-title\"style=\"margin-bottom: 5px;\" data-category-names = \"\"><div class=\"element-inner\" style=\"margin-left: 5px;\"><a href=\"https:\/\/www.cirqueleroux.com\/fr\/portfolio\/les-odyssees\/\" class=\" thumb-wrap   \" data-gdpr-atts={} title=\"LES-ODYSSEES-40x60-TheatreLibre-1-718923794\" ><div class=\"flip-wrap\" ><div data-aspect-ratio=\"0.7\"  style = \"padding-bottom : 143.22709163347%;background-color:rgba(32,4,4,1);\" class=\"flip-img-wrap zoom-in-effect\"><img decoding=\"async\" src=\"https:\/\/www.cirqueleroux.com\/wp-content\/uploads\/2022\/09\/LES-ODYSSEES-40x60-TheatreLibre-1-718923794.jpg\" alt=\"\"\/><\/div><\/div><div class=\"thumb-overlay \"><div class=\"thumb-bg \" style=\"background-image: -o-linear-gradient(right, rgba(16,0,0,0.24) 0%, rgba(16,0,0,0.24) 100%);background-image: -moz-linear-gradient(right, rgba(16,0,0,0.24) 0%, rgba(16,0,0,0.24) 100%);background-image: -webkit-linear-gradient(right, rgba(16,0,0,0.24) 0%, rgba(16,0,0,0.24) 100%);background-image: -ms-linear-gradient(right, rgba(16,0,0,0.24) 0%, rgba(16,0,0,0.24) 100%);background-image: linear-gradient(to right, rgba(16,0,0,0.24) 0%, rgba(16,0,0,0.24) 100%);\"><div class=\"thumb-title-wrap \"><div class=\"thumb-title animated animation-trigger\" data-animation-type=\"none\"style=\"color:rgba(255,255,255,1);\">Les Odyss\u00e9es<\/div><\/div><\/div><\/div><\/a><\/div><\/div><div class=\"element be-hoverlay not-wide no-wide-width-height style1-hover c_to_c style1-title\"style=\"margin-bottom: 5px;\" data-category-names = \"\"><div class=\"element-inner\" style=\"margin-left: 5px;\"><a href=\"https:\/\/www.cirqueleroux.com\/fr\/portfolio\/inscape\/\" class=\" thumb-wrap   \" data-gdpr-atts={} title=\"INSCAPE\" ><div class=\"flip-wrap\" ><div data-aspect-ratio=\"1\"  style = \"padding-bottom : 100%;background-color:rgba(32,4,4,1);\" class=\"flip-img-wrap zoom-in-effect\"><img decoding=\"async\" src=\"https:\/\/www.cirqueleroux.com\/wp-content\/uploads\/2024\/09\/INSCAPE-650x650.jpg\" alt=\"\"\/><\/div><\/div><div class=\"thumb-overlay \"><div class=\"thumb-bg \" style=\"background-image: -o-linear-gradient(right, rgba(16,0,0,0.24) 0%, rgba(16,0,0,0.24) 100%);background-image: -moz-linear-gradient(right, rgba(16,0,0,0.24) 0%, rgba(16,0,0,0.24) 100%);background-image: -webkit-linear-gradient(right, rgba(16,0,0,0.24) 0%, rgba(16,0,0,0.24) 100%);background-image: -ms-linear-gradient(right, rgba(16,0,0,0.24) 0%, rgba(16,0,0,0.24) 100%);background-image: linear-gradient(to right, rgba(16,0,0,0.24) 0%, rgba(16,0,0,0.24) 100%);\"><div class=\"thumb-title-wrap \"><div class=\"thumb-title animated animation-trigger\" data-animation-type=\"none\"style=\"color:rgba(255,255,255,1);\">Inscape<\/div><\/div><\/div><\/div><\/a><\/div><\/div><\/div><\/div><\/div><div  class=\"tatsu-module tatsu-text-block-wrap tatsu-H12OAz1aC  \"><div class=\"tatsu-text-inner tatsu-align-center  clearfix\" ><style>.tatsu-H12OAz1aC.tatsu-text-block-wrap .tatsu-text-inner{width: 100%;text-align: left;}.tatsu-H12OAz1aC.tatsu-text-block-wrap{margin: 30px 0px 30px 0px;}<\/style>\n<p style=\"text-align: center;\"><span style=\"font-weight: 400;\">Un jour, le Cirque Le Roux aura un toit, sa propre maison. En attendant, il s&rsquo;enrichit de tourn\u00e9es, de cr\u00e9ations et d&rsquo;exp\u00e9riences, renfor\u00e7ant ainsi son expertise. Si vous avez des projets, des envies, des id\u00e9es ou des questions, n\u2019h\u00e9sitez pas \u00e0 nous contacter. Nous serons ravis de vous r\u00e9pondre.<\/span><\/p>\n<p style=\"text-align: center;\"><span style=\"font-weight: 400;\">La Maison Le Roux souhaite s\u2019inscrire dans le d\u00e9veloppement du territoire et l\u2019enrichissement des exp\u00e9riences culturelles. Nous aspirons \u00e0 cr\u00e9er un nouvel \u00e9cosyst\u00e8me artistique vivant toute l\u2019ann\u00e9e autour des arts vivants et du cirque. Situ\u00e9 au c\u0153ur d\u2019un paysage exceptionnel, notre projet se veut engag\u00e9, \u00e9co-responsable et ouvert \u00e0 tous. Notre objectif est de sensibiliser le public et de rapprocher les artistes dans les Landes.<\/span><\/p>\n<\/div><\/div><div  class=\"tatsu-module tatsu-text-block-wrap tatsu-BkFlJmk60  tatsu-hide-desktop tatsu-hide-laptop tatsu-hide-tablet tatsu-hide-mobile \"><div class=\"tatsu-text-inner tatsu-align-center  clearfix\" ><style>.tatsu-BkFlJmk60.tatsu-text-block-wrap .tatsu-text-inner{width: 100%;text-align: left;}<\/style>\n<p style=\"text-align: center;\"><span style=\"font-weight: 400;\">Notre objectif est de favoriser la collaboration artistique, la mixit\u00e9 dans l\u2019art, le partage et l\u2019accompagnement. Depuis plusieurs ann\u00e9es, La Maison Le Roux s&rsquo;engage \u00e0 soutenir des projets de mise en sc\u00e8ne, de sc\u00e9nographie et de cr\u00e9ation visuelle. V\u00e9ritable p\u00f4le d\u2019\u00e9mergence pour les projets artistiques innovants, nous nous consacrons \u00e0 promouvoir la cr\u00e9ativit\u00e9 sous toutes ses formes.<\/span><\/p>\n<p style=\"text-align: center;\"><span style=\"font-size: 14pt;\"><b>Projets soutenus :<\/b><\/span><\/p>\n<p style=\"text-align: center;\"><b>Hedy Lamarr<\/b><span style=\"font-weight: 400;\"> : Production d\u00e9l\u00e9gu\u00e9e et sc\u00e9nographie<\/span><\/p>\n<p style=\"text-align: center;\"><b>Alexandra Str\u00e9liski \u00ab Inscape \u00bb<\/b><span style=\"font-weight: 400;\"> : Mise en sc\u00e8ne, sc\u00e9nographie<\/span><\/p>\n<p style=\"text-align: center;\"><b>Les Odyss\u00e9e de France Inter<\/b><span style=\"font-weight: 400;\"> : Sc\u00e9nographie et costumes<\/span><\/p>\n<p style=\"text-align: center;\"><b>Alexandra Str\u00e9liski \u00ab N\u00e9o Romance \u00bb<\/b><span style=\"font-weight: 400;\"> : Mise en sc\u00e8ne, sc\u00e9nographie<\/span><\/p>\n<p style=\"text-align: center;\"><b>La revanche de Vivianne Rose<\/b><span style=\"font-weight: 400;\"> : Sc\u00e9nographie et costumes<\/span><\/p>\n<p style=\"text-align: center;\"><b>Candice Martel<\/b><span style=\"font-weight: 400;\"> : Aide \u00e0 la chor\u00e9graphie<\/span><\/p>\n<p style=\"text-align: center;\"><span style=\"font-weight: 400;\">Un jour, le Cirque Le Roux aura un toit, sa propre maison. En attendant, il s&rsquo;enrichit de tourn\u00e9es, de cr\u00e9ations et d&rsquo;exp\u00e9riences, renfor\u00e7ant ainsi son expertise. Si vous avez des projets, des envies, des id\u00e9es ou des questions, n\u2019h\u00e9sitez pas \u00e0 nous contacter. Nous serons ravis de vous r\u00e9pondre.<\/span><\/p>\n<p style=\"text-align: center;\"><span style=\"font-size: 14pt;\"><b>Photos et dessins de La Maison Le Roux<\/b><\/span><\/p>\n<p style=\"text-align: center;\"><span style=\"font-weight: 400;\">La Maison Le Roux souhaite s\u2019inscrire dans le d\u00e9veloppement du territoire et l\u2019enrichissement des exp\u00e9riences culturelles. Nous aspirons \u00e0 cr\u00e9er un nouvel \u00e9cosyst\u00e8me artistique vivant toute l\u2019ann\u00e9e autour des arts vivants et du cirque. Situ\u00e9 au c\u0153ur d\u2019un paysage exceptionnel, notre projet se veut engag\u00e9, \u00e9co-responsable et ouvert \u00e0 tous. Notre objectif est de sensibiliser le public et de rapprocher les artistes dans les Landes.<\/span><\/p>\n<\/div><\/div><\/div><\/div><div class = \"tatsu-column-bg-image-wrap\"><div class = \"tatsu-column-bg-image\" ><\/div><\/div><div class=\"tatsu-overlay tatsu-column-overlay tatsu-animate-none\" ><\/div><\/div><style>.tatsu-row > .tatsu-H1TAfgv8A.tatsu-column{width: 100%;}.tatsu-H1TAfgv8A.tatsu-column > .tatsu-column-inner > .tatsu-column-overlay{mix-blend-mode: normal;}.tatsu-H1TAfgv8A > .tatsu-column-inner > .tatsu-top-divider{z-index: 9999;}.tatsu-H1TAfgv8A > .tatsu-column-inner > .tatsu-bottom-divider{z-index: 9999;}.tatsu-H1TAfgv8A > .tatsu-column-inner > .tatsu-left-divider{z-index: 9999;}.tatsu-H1TAfgv8A > .tatsu-column-inner > .tatsu-right-divider{z-index: 9999;}@media only screen and (max-width:1377px) {.tatsu-row > .tatsu-H1TAfgv8A.tatsu-column{width: 100%;}}@media only screen and (min-width:768px) and (max-width: 1024px) {.tatsu-row > .tatsu-H1TAfgv8A.tatsu-column{width: 100%;}}@media only screen and (max-width: 767px) {.tatsu-row > .tatsu-H1TAfgv8A.tatsu-column{width: 100%;}}<\/style><\/div><\/div><\/div><\/div><div class=\"tatsu-section-background-wrap\"><div class = \"tatsu-section-background\" ><\/div><\/div><div class=\"tatsu-overlay tatsu-section-overlay\"><\/div><style>.tatsu-SkZa0Mxw8A .tatsu-section-pad{padding: 24px 0px 40px 0px;}.tatsu-SkZa0Mxw8A .tatsu-section-offset-wrap{transform: translateY(-0px);}.tatsu-SkZa0Mxw8A > .tatsu-bottom-divider{z-index: 9999;}.tatsu-SkZa0Mxw8A > .tatsu-top-divider{z-index: 9999;}.tatsu-SkZa0Mxw8A .tatsu-section-overlay{mix-blend-mode: normal;}<\/style><\/div>\n","protected":false},"excerpt":{"rendered":"<p><a href=\"https:\/\/www.cirqueleroux.com\/fr\/portfolio\/inscape\/\" class=\"more-link style2-button\">Read More<\/a><\/p>","protected":false},"author":1,"featured_media":0,"parent":0,"menu_order":0,"comment_status":"closed","ping_status":"closed","template":"","meta":{"footnotes":""},"class_list":["post-4470","page","type-page","status-publish","hentry"],"yoast_head":"<!-- This site is optimized with the Yoast SEO plugin v24.2 - https:\/\/yoast.com\/wordpress\/plugins\/seo\/ -->\n<title>MAISON LE ROUX - Cirque Le Roux<\/title>\n<meta name=\"robots\" content=\"index, follow, max-snippet:-1, max-image-preview:large, max-video-preview:-1\" \/>\n<link rel=\"canonical\" href=\"https:\/\/www.cirqueleroux.com\/fr\/les-collaborations-artistiques\/\" \/>\n<meta property=\"og:locale\" content=\"fr_FR\" \/>\n<meta property=\"og:type\" content=\"article\" \/>\n<meta property=\"og:title\" content=\"MAISON LE ROUX - Cirque Le Roux\" \/>\n<meta property=\"og:url\" content=\"https:\/\/www.cirqueleroux.com\/fr\/les-collaborations-artistiques\/\" \/>\n<meta property=\"og:site_name\" content=\"Cirque Le Roux\" \/>\n<meta property=\"article:modified_time\" content=\"2024-09-26T14:08:34+00:00\" \/>\n<meta name=\"twitter:card\" content=\"summary_large_image\" \/>\n<meta name=\"twitter:label1\" content=\"Dur\u00e9e de lecture estim\u00e9e\" \/>\n\t<meta name=\"twitter:data1\" content=\"15 minutes\" \/>\n<script type=\"application\/ld+json\" class=\"yoast-schema-graph\">{\"@context\":\"https:\/\/schema.org\",\"@graph\":[{\"@type\":\"WebPage\",\"@id\":\"https:\/\/www.cirqueleroux.com\/fr\/les-collaborations-artistiques\/\",\"url\":\"https:\/\/www.cirqueleroux.com\/fr\/les-collaborations-artistiques\/\",\"name\":\"MAISON LE ROUX - Cirque Le Roux\",\"isPartOf\":{\"@id\":\"https:\/\/www.cirqueleroux.com\/#website\"},\"datePublished\":\"2022-09-20T13:27:12+00:00\",\"dateModified\":\"2024-09-26T14:08:34+00:00\",\"breadcrumb\":{\"@id\":\"https:\/\/www.cirqueleroux.com\/fr\/les-collaborations-artistiques\/#breadcrumb\"},\"inLanguage\":\"fr-FR\",\"potentialAction\":[{\"@type\":\"ReadAction\",\"target\":[\"https:\/\/www.cirqueleroux.com\/fr\/les-collaborations-artistiques\/\"]}]},{\"@type\":\"BreadcrumbList\",\"@id\":\"https:\/\/www.cirqueleroux.com\/fr\/les-collaborations-artistiques\/#breadcrumb\",\"itemListElement\":[{\"@type\":\"ListItem\",\"position\":1,\"name\":\"Accueil\",\"item\":\"https:\/\/www.cirqueleroux.com\/fr\/\"},{\"@type\":\"ListItem\",\"position\":2,\"name\":\"MAISON LE ROUX\"}]},{\"@type\":\"WebSite\",\"@id\":\"https:\/\/www.cirqueleroux.com\/#website\",\"url\":\"https:\/\/www.cirqueleroux.com\/\",\"name\":\"Cirque Le Roux\",\"description\":\"\",\"potentialAction\":[{\"@type\":\"SearchAction\",\"target\":{\"@type\":\"EntryPoint\",\"urlTemplate\":\"https:\/\/www.cirqueleroux.com\/?s={search_term_string}\"},\"query-input\":{\"@type\":\"PropertyValueSpecification\",\"valueRequired\":true,\"valueName\":\"search_term_string\"}}],\"inLanguage\":\"fr-FR\"}]}<\/script>\n<!-- \/ Yoast SEO plugin. -->","yoast_head_json":{"title":"MAISON LE ROUX - Cirque Le Roux","robots":{"index":"index","follow":"follow","max-snippet":"max-snippet:-1","max-image-preview":"max-image-preview:large","max-video-preview":"max-video-preview:-1"},"canonical":"https:\/\/www.cirqueleroux.com\/fr\/les-collaborations-artistiques\/","og_locale":"fr_FR","og_type":"article","og_title":"MAISON LE ROUX - Cirque Le Roux","og_url":"https:\/\/www.cirqueleroux.com\/fr\/les-collaborations-artistiques\/","og_site_name":"Cirque Le Roux","article_modified_time":"2024-09-26T14:08:34+00:00","twitter_card":"summary_large_image","twitter_misc":{"Dur\u00e9e de lecture estim\u00e9e":"15 minutes"},"schema":{"@context":"https:\/\/schema.org","@graph":[{"@type":"WebPage","@id":"https:\/\/www.cirqueleroux.com\/fr\/les-collaborations-artistiques\/","url":"https:\/\/www.cirqueleroux.com\/fr\/les-collaborations-artistiques\/","name":"MAISON LE ROUX - Cirque Le Roux","isPartOf":{"@id":"https:\/\/www.cirqueleroux.com\/#website"},"datePublished":"2022-09-20T13:27:12+00:00","dateModified":"2024-09-26T14:08:34+00:00","breadcrumb":{"@id":"https:\/\/www.cirqueleroux.com\/fr\/les-collaborations-artistiques\/#breadcrumb"},"inLanguage":"fr-FR","potentialAction":[{"@type":"ReadAction","target":["https:\/\/www.cirqueleroux.com\/fr\/les-collaborations-artistiques\/"]}]},{"@type":"BreadcrumbList","@id":"https:\/\/www.cirqueleroux.com\/fr\/les-collaborations-artistiques\/#breadcrumb","itemListElement":[{"@type":"ListItem","position":1,"name":"Accueil","item":"https:\/\/www.cirqueleroux.com\/fr\/"},{"@type":"ListItem","position":2,"name":"MAISON LE ROUX"}]},{"@type":"WebSite","@id":"https:\/\/www.cirqueleroux.com\/#website","url":"https:\/\/www.cirqueleroux.com\/","name":"Cirque Le Roux","description":"","potentialAction":[{"@type":"SearchAction","target":{"@type":"EntryPoint","urlTemplate":"https:\/\/www.cirqueleroux.com\/?s={search_term_string}"},"query-input":{"@type":"PropertyValueSpecification","valueRequired":true,"valueName":"search_term_string"}}],"inLanguage":"fr-FR"}]}},"_links":{"self":[{"href":"https:\/\/www.cirqueleroux.com\/fr\/wp-json\/wp\/v2\/pages\/4470","targetHints":{"allow":["GET"]}}],"collection":[{"href":"https:\/\/www.cirqueleroux.com\/fr\/wp-json\/wp\/v2\/pages"}],"about":[{"href":"https:\/\/www.cirqueleroux.com\/fr\/wp-json\/wp\/v2\/types\/page"}],"author":[{"embeddable":true,"href":"https:\/\/www.cirqueleroux.com\/fr\/wp-json\/wp\/v2\/users\/1"}],"replies":[{"embeddable":true,"href":"https:\/\/www.cirqueleroux.com\/fr\/wp-json\/wp\/v2\/comments?post=4470"}],"version-history":[{"count":3,"href":"https:\/\/www.cirqueleroux.com\/fr\/wp-json\/wp\/v2\/pages\/4470\/revisions"}],"predecessor-version":[{"id":5241,"href":"https:\/\/www.cirqueleroux.com\/fr\/wp-json\/wp\/v2\/pages\/4470\/revisions\/5241"}],"wp:attachment":[{"href":"https:\/\/www.cirqueleroux.com\/fr\/wp-json\/wp\/v2\/media?parent=4470"}],"curies":[{"name":"wp","href":"https:\/\/api.w.org\/{rel}","templated":true}]}}