{"id":3383,"date":"2019-08-19T05:25:58","date_gmt":"2019-08-19T03:25:58","guid":{"rendered":"https:\/\/www.cirqueleroux.com\/?page_id=3383"},"modified":"2025-01-11T12:00:37","modified_gmt":"2025-01-11T11:00:37","slug":"calendrier-tournee","status":"publish","type":"page","link":"https:\/\/www.cirqueleroux.com\/fr\/calendrier-tournee\/","title":{"rendered":"CALENDRIER TOURNEE"},"content":{"rendered":"<div  class=\"tatsu-SJb7_D5vNr tatsu-section  tatsu-bg-overlay   tatsu-clearfix\" data-title=\"\"  data-headerscheme=\"background--dark\"><div class='tatsu-section-pad clearfix' data-padding='{\"d\":\"90px 0px 90px 0px\"}' data-padding-top='90px'><div class=\"tatsu-row-wrap  tatsu-wrap tatsu-row-one-col tatsu-row-has-one-cols tatsu-medium-gutter tatsu-reg-cols  tatsu-clearfix tatsu-rJgmOPcwVS\" ><div  class=\"tatsu-row \" ><div  class=\"tatsu-column  tatsu-bg-overlay tatsu-one-col tatsu-column-image-none tatsu-column-effect-none  tatsu-SJX_P5vNH\"  data-parallax-speed=\"0\" style=\"\"><div class=\"tatsu-column-inner \" ><div class=\"tatsu-column-pad-wrap\"><div class=\"tatsu-column-pad\" ><div  class=\"tatsu-module tatsu-text-block-wrap tatsu-Sy9iPcvVH  \"><div class=\"tatsu-text-inner tatsu-align-center  clearfix\" ><style>.tatsu-Sy9iPcvVH.tatsu-text-block-wrap .tatsu-text-inner{width: 100%;text-align: left;}<\/style><div class=\"plugin-spectacles spectacle-global\"><div class=\"navigation-annee\" data-annees=\"[2025,2026]\"><button class=\"fleche-gauche\" style=\"visibility: visible; display: inline-block;\">&laquo;<\/button><span class=\"annee-actuelle\">2026<\/span><button class=\"fleche-droite\" style=\"visibility: hidden; display: inline-block;\">&raquo;<\/button><\/div><div class=\"spectacles-container-all\"><div class=\"annee-table-container annee-2025\" style=\"display: none;\"><div class=\"accordeon-container\"><div class=\"accordeon-item\"><button class=\"accordeon-button\">Entre chiens et louves<\/button><div class=\"accordeon-content\" style=\"display: block;\"><table class=\"spectacle-table\" style=\"width: 100%; border-collapse: collapse; margin-top: 10px;\"><tr><td class=\"mois\" style=\"text-align: left; font-weight: bold;\">Janvier<\/td><td class=\"date\" style=\"width: 20%; text-align: left;\">24 - 25<\/td><td class=\"description\" style=\"width: 40%; text-align: left;\">DRAGUIGNAN Th\u00e9\u00e2tres en Drac\u00e9nie<\/td><td class=\"reservation\" style=\"width: 20%; text-align: left;\"><span class=\"spectacle-passe\" style=\"color: #666; font-weight: bold; padding: 5px 10px; border: 1px solid #ccc; border-radius: 3px; background: #eee; display: inline-block;\">Pass\u00e9<\/span><\/td><\/tr><tr><td class=\"mois\" style=\"text-align: left; font-weight: bold;\">Janvier<\/td><td class=\"date\" style=\"width: 20%; text-align: left;\">29 - 30 - 31<\/td><td class=\"description\" style=\"width: 40%; text-align: left;\">MIRAMAS Th\u00e9\u00e2tres la Colonne<\/td><td class=\"reservation\" style=\"width: 20%; text-align: left;\"><span class=\"spectacle-passe\" style=\"color: #666; font-weight: bold; padding: 5px 10px; border: 1px solid #ccc; border-radius: 3px; background: #eee; display: inline-block;\">Pass\u00e9<\/span><\/td><\/tr><tr><td class=\"mois\" style=\"text-align: left; font-weight: bold;\">F\u00e9vrier<\/td><td class=\"date\" style=\"width: 20%; text-align: left;\">8 - 9<\/td><td class=\"description\" style=\"width: 40%; text-align: left;\">VILLARS-SUR-GL\u00c2NE (CH) Espace Nuithonie<\/td><td class=\"reservation\" style=\"width: 20%; text-align: left;\"><span class=\"spectacle-passe\" style=\"color: #666; font-weight: bold; padding: 5px 10px; border: 1px solid #ccc; border-radius: 3px; background: #eee; display: inline-block;\">Pass\u00e9<\/span><\/td><\/tr><tr><td class=\"mois\" style=\"text-align: left; font-weight: bold;\">Mars<\/td><td class=\"date\" style=\"width: 20%; text-align: left;\">4 - 5<\/td><td class=\"description\" style=\"width: 40%; text-align: left;\">AIX-EN-PROVENCE Grand Th\u00e9\u00e2tre de Provence<\/td><td class=\"reservation\" style=\"width: 20%; text-align: left;\"><span class=\"spectacle-passe\" style=\"color: #666; font-weight: bold; padding: 5px 10px; border: 1px solid #ccc; border-radius: 3px; background: #eee; display: inline-block;\">Pass\u00e9<\/span><\/td><\/tr><tr><td class=\"mois\" style=\"text-align: left; font-weight: bold;\">Mars<\/td><td class=\"date\" style=\"width: 20%; text-align: left;\">13 - 14<\/td><td class=\"description\" style=\"width: 40%; text-align: left;\">COLOMBES L\u2019Avant Seine \/ Th\u00e9\u00e2tre de Colombes<\/td><td class=\"reservation\" style=\"width: 20%; text-align: left;\"><span class=\"spectacle-passe\" style=\"color: #666; font-weight: bold; padding: 5px 10px; border: 1px solid #ccc; border-radius: 3px; background: #eee; display: inline-block;\">Pass\u00e9<\/span><\/td><\/tr><tr><td class=\"mois\" style=\"text-align: left; font-weight: bold;\">Mars<\/td><td class=\"date\" style=\"width: 20%; text-align: left;\">21 - 22<\/td><td class=\"description\" style=\"width: 40%; text-align: left;\">SAINTE-MAXIME Le Carr\u00e9<\/td><td class=\"reservation\" style=\"width: 20%; text-align: left;\"><span class=\"spectacle-passe\" style=\"color: #666; font-weight: bold; padding: 5px 10px; border: 1px solid #ccc; border-radius: 3px; background: #eee; display: inline-block;\">Pass\u00e9<\/span><\/td><\/tr><tr><td class=\"mois\" style=\"text-align: left; font-weight: bold;\">Mars<\/td><td class=\"date\" style=\"width: 20%; text-align: left;\">26 - 27<\/td><td class=\"description\" style=\"width: 40%; text-align: left;\">ANTIBES Anth\u00e9a Antipolis<\/td><td class=\"reservation\" style=\"width: 20%; text-align: left;\"><span class=\"spectacle-passe\" style=\"color: #666; font-weight: bold; padding: 5px 10px; border: 1px solid #ccc; border-radius: 3px; background: #eee; display: inline-block;\">Pass\u00e9<\/span><\/td><\/tr><tr><td class=\"mois\" style=\"text-align: left; font-weight: bold;\">Avril<\/td><td class=\"date\" style=\"width: 20%; text-align: left;\">2 - 3 - 4<\/td><td class=\"description\" style=\"width: 40%; text-align: left;\">TOULON Le Libert\u00e9, Sc\u00e8ne Nationale<\/td><td class=\"reservation\" style=\"width: 20%; text-align: left;\"><span class=\"spectacle-passe\" style=\"color: #666; font-weight: bold; padding: 5px 10px; border: 1px solid #ccc; border-radius: 3px; background: #eee; display: inline-block;\">Pass\u00e9<\/span><\/td><\/tr><tr><td class=\"mois\" style=\"text-align: left; font-weight: bold;\">Avril<\/td><td class=\"date\" style=\"width: 20%; text-align: left;\">24 - 25 - 26<\/td><td class=\"description\" style=\"width: 40%; text-align: left;\">MARTIGUES Th\u00e9\u00e2tre des Salins<\/td><td class=\"reservation\" style=\"width: 20%; text-align: left;\"><span class=\"spectacle-passe\" style=\"color: #666; font-weight: bold; padding: 5px 10px; border: 1px solid #ccc; border-radius: 3px; background: #eee; display: inline-block;\">Pass\u00e9<\/span><\/td><\/tr><tr><td class=\"mois\" style=\"text-align: left; font-weight: bold;\">Mai<\/td><td class=\"date\" style=\"width: 20%; text-align: left;\">3 - 4<\/td><td class=\"description\" style=\"width: 40%; text-align: left;\">NOISY-LE-GRAND Espace Michel Simon<\/td><td class=\"reservation\" style=\"width: 20%; text-align: left;\"><span class=\"spectacle-passe\" style=\"color: #666; font-weight: bold; padding: 5px 10px; border: 1px solid #ccc; border-radius: 3px; background: #eee; display: inline-block;\">Pass\u00e9<\/span><\/td><\/tr><tr><td class=\"mois\" style=\"text-align: left; font-weight: bold;\">Mai<\/td><td class=\"date\" style=\"width: 20%; text-align: left;\">9 - 10<\/td><td class=\"description\" style=\"width: 40%; text-align: left;\">OSTWALD Le Point d\u2019Eau<\/td><td class=\"reservation\" style=\"width: 20%; text-align: left;\"><span class=\"spectacle-passe\" style=\"color: #666; font-weight: bold; padding: 5px 10px; border: 1px solid #ccc; border-radius: 3px; background: #eee; display: inline-block;\">Pass\u00e9<\/span><\/td><\/tr><tr><td class=\"mois\" style=\"text-align: left; font-weight: bold;\">Mai<\/td><td class=\"date\" style=\"width: 20%; text-align: left;\">16 - 17 - 18<\/td><td class=\"description\" style=\"width: 40%; text-align: left;\">ORL\u00c9ANS Sc\u00e8ne Nationale d\u2019Orl\u00e9ans<\/td><td class=\"reservation\" style=\"width: 20%; text-align: left;\"><span class=\"spectacle-passe\" style=\"color: #666; font-weight: bold; padding: 5px 10px; border: 1px solid #ccc; border-radius: 3px; background: #eee; display: inline-block;\">Pass\u00e9<\/span><\/td><\/tr><tr><td class=\"mois\" style=\"text-align: left; font-weight: bold;\">Mai<\/td><td class=\"date\" style=\"width: 20%; text-align: left;\">27 - 28<\/td><td class=\"description\" style=\"width: 40%; text-align: left;\">M\u00c9RIGNAC Le Pin Galant<\/td><td class=\"reservation\" style=\"width: 20%; text-align: left;\"><span class=\"spectacle-passe\" style=\"color: #666; font-weight: bold; padding: 5px 10px; border: 1px solid #ccc; border-radius: 3px; background: #eee; display: inline-block;\">Pass\u00e9<\/span><\/td><\/tr><tr><td class=\"mois\" style=\"text-align: left; font-weight: bold;\">Octobre<\/td><td class=\"date\" style=\"width: 20%; text-align: left;\">01 - 04<\/td><td class=\"description\" style=\"width: 40%; text-align: left;\">NAMUR CCN de Namur<\/td><td class=\"reservation\" style=\"width: 20%; text-align: left;\"><span class=\"spectacle-passe\" style=\"color: #666; font-weight: bold; padding: 5px 10px; border: 1px solid #ccc; border-radius: 3px; background: #eee; display: inline-block;\">Pass\u00e9<\/span><\/td><\/tr><tr><td class=\"mois\" style=\"text-align: left; font-weight: bold;\">Octobre<\/td><td class=\"date\" style=\"width: 20%; text-align: left;\">17 - 19<\/td><td class=\"description\" style=\"width: 40%; text-align: left;\">AUCH Circa<\/td><td class=\"reservation\" style=\"width: 20%; text-align: left;\"><span class=\"spectacle-passe\" style=\"color: #666; font-weight: bold; padding: 5px 10px; border: 1px solid #ccc; border-radius: 3px; background: #eee; display: inline-block;\">Pass\u00e9<\/span><\/td><\/tr><tr><td class=\"mois\" style=\"text-align: left; font-weight: bold;\">Octobre<\/td><td class=\"date\" style=\"width: 20%; text-align: left;\">23 - 31<\/td><td class=\"description\" style=\"width: 40%; text-align: left;\">MADRID Teatro Circo price<\/td><td class=\"reservation\" style=\"width: 20%; text-align: left;\"><span class=\"spectacle-passe\" style=\"color: #666; font-weight: bold; padding: 5px 10px; border: 1px solid #ccc; border-radius: 3px; background: #eee; display: inline-block;\">Pass\u00e9<\/span><\/td><\/tr><tr><td class=\"mois\" style=\"text-align: left; font-weight: bold;\">Novembre<\/td><td class=\"date\" style=\"width: 20%; text-align: left;\">14 - 15<\/td><td class=\"description\" style=\"width: 40%; text-align: left;\">CHALON EN CHAMPAGNE La Com\u00e8te<\/td><td class=\"reservation\" style=\"width: 20%; text-align: left;\"><span class=\"spectacle-passe\" style=\"color: #666; font-weight: bold; padding: 5px 10px; border: 1px solid #ccc; border-radius: 3px; background: #eee; display: inline-block;\">Pass\u00e9<\/span><\/td><\/tr><tr><td class=\"mois\" style=\"text-align: left; font-weight: bold;\">Novembre<\/td><td class=\"date\" style=\"width: 20%; text-align: left;\">26 - 30<\/td><td class=\"description\" style=\"width: 40%; text-align: left;\">SALZBURG Winterfest<\/td><td class=\"reservation\" style=\"width: 20%; text-align: left;\"><span class=\"spectacle-passe\" style=\"color: #666; font-weight: bold; padding: 5px 10px; border: 1px solid #ccc; border-radius: 3px; background: #eee; display: inline-block;\">Pass\u00e9<\/span><\/td><\/tr><tr><td class=\"mois\" style=\"text-align: left; font-weight: bold;\">D\u00e9cembre<\/td><td class=\"date\" style=\"width: 20%; text-align: left;\">3 - 14<\/td><td class=\"description\" style=\"width: 40%; text-align: left;\">SALZBURG Winterfest<\/td><td class=\"reservation\" style=\"width: 20%; text-align: left;\"><span class=\"spectacle-passe\" style=\"color: #666; font-weight: bold; padding: 5px 10px; border: 1px solid #ccc; border-radius: 3px; background: #eee; display: inline-block;\">Pass\u00e9<\/span><\/td><\/tr><\/table><\/div><\/div><\/div><\/div><div class=\"annee-table-container annee-2026\" style=\"display: block;\"><div class=\"accordeon-container\"><div class=\"accordeon-item\"><button class=\"accordeon-button\">Entre chiens et louves<\/button><div class=\"accordeon-content\" style=\"display: block;\"><table class=\"spectacle-table\" style=\"width: 100%; border-collapse: collapse; margin-top: 10px;\"><tr><td class=\"mois\" style=\"text-align: left; font-weight: bold;\">Mars<\/td><td class=\"date\" style=\"width: 20%; text-align: left;\">05 - 06<\/td><td class=\"description\" style=\"width: 40%; text-align: left;\">NEVERS Maison de La Culture<\/td><td class=\"reservation\" style=\"width: 20%; text-align: left;\"><span class=\"spectacle-passe\" style=\"color: #666; font-weight: bold; padding: 5px 10px; border: 1px solid #ccc; border-radius: 3px; background: #eee; display: inline-block;\">Pass\u00e9<\/span><\/td><\/tr><tr><td class=\"mois\" style=\"text-align: left; font-weight: bold;\">Mars<\/td><td class=\"date\" style=\"width: 20%; text-align: left;\">14 - 15<\/td><td class=\"description\" style=\"width: 40%; text-align: left;\">CAMBRAI Les Sc\u00e8nes Mitoyennes<\/td><td class=\"reservation\" style=\"width: 20%; text-align: left;\"><span class=\"spectacle-passe\" style=\"color: #666; font-weight: bold; padding: 5px 10px; border: 1px solid #ccc; border-radius: 3px; background: #eee; display: inline-block;\">Pass\u00e9<\/span><\/td><\/tr><tr><td class=\"mois\" style=\"text-align: left; font-weight: bold;\">Mars<\/td><td class=\"date\" style=\"width: 20%; text-align: left;\">20 - 21<\/td><td class=\"description\" style=\"width: 40%; text-align: left;\">CHARLEROI Palais des Beaux-Arts<\/td><td class=\"reservation\" style=\"width: 20%; text-align: left;\"><span class=\"spectacle-passe\" style=\"color: #666; font-weight: bold; padding: 5px 10px; border: 1px solid #ccc; border-radius: 3px; background: #eee; display: inline-block;\">Pass\u00e9<\/span><\/td><\/tr><tr><td class=\"mois\" style=\"text-align: left; font-weight: bold;\">Mars<\/td><td class=\"date\" style=\"width: 20%; text-align: left;\">27 - 29<\/td><td class=\"description\" style=\"width: 40%; text-align: left;\">SAINT-PRIEST Th\u00e9\u00e2tre Th\u00e9o Argence<\/td><td class=\"reservation\" style=\"width: 20%; text-align: left;\"><span class=\"spectacle-passe\" style=\"color: #666; font-weight: bold; padding: 5px 10px; border: 1px solid #ccc; border-radius: 3px; background: #eee; display: inline-block;\">Pass\u00e9<\/span><\/td><\/tr><tr><td class=\"mois\" style=\"text-align: left; font-weight: bold;\">Avril<\/td><td class=\"date\" style=\"width: 20%; text-align: left;\">9 - 11<\/td><td class=\"description\" style=\"width: 40%; text-align: left;\">AMIENS Maison de la Culture<\/td><td class=\"reservation\" style=\"width: 20%; text-align: left;\"><a href=\"https:\/\/www.maisondelaculture-amiens.com\/saison\/saison-25-26\/entre-chiens-et-louves\/\" target=\"_blank\" class=\"reservation-button\">R\u00e9server<\/a><\/td><\/tr><tr><td class=\"mois\" style=\"text-align: left; font-weight: bold;\">Mai<\/td><td class=\"date\" style=\"width: 20%; text-align: left;\">19 - 21<\/td><td class=\"description\" style=\"width: 40%; text-align: left;\">LA ROCHELLE - La Coursive<\/td><td class=\"reservation\" style=\"width: 20%; text-align: left;\"><a href=\"https:\/\/www.la-coursive.com\/projects\/entre-chiens-et-louves-25-26\/?pr=55271&#038;gr=1&#038;post=projects&#038;sa=2238\" target=\"_blank\" class=\"reservation-button\">R\u00e9server<\/a><\/td><\/tr><\/table><\/div><\/div><\/div><\/div><\/div><\/div><br \/>\n<\/div><\/div><\/div><\/div><div class = \"tatsu-column-bg-image-wrap\"><div class = \"tatsu-column-bg-image\" ><\/div><\/div><div class=\"tatsu-overlay tatsu-column-overlay tatsu-animate-none\" ><\/div><\/div><style>.tatsu-row > .tatsu-SJX_P5vNH.tatsu-column{width: 100%;}.tatsu-SJX_P5vNH.tatsu-column > .tatsu-column-inner > .tatsu-column-overlay{mix-blend-mode: normal;}.tatsu-SJX_P5vNH > .tatsu-column-inner > .tatsu-top-divider{z-index: 9999;}.tatsu-SJX_P5vNH > .tatsu-column-inner > .tatsu-bottom-divider{z-index: 9999;}.tatsu-SJX_P5vNH > .tatsu-column-inner > .tatsu-left-divider{z-index: 9999;}.tatsu-SJX_P5vNH > .tatsu-column-inner > .tatsu-right-divider{z-index: 9999;}@media only screen and (max-width:1377px) {.tatsu-row > .tatsu-SJX_P5vNH.tatsu-column{width: 100%;}}@media only screen and (min-width:768px) and (max-width: 1024px) {.tatsu-row > .tatsu-SJX_P5vNH.tatsu-column{width: 100%;}}@media only screen and (max-width: 767px) {.tatsu-row > .tatsu-SJX_P5vNH.tatsu-column{width: 100%;}}<\/style><\/div><\/div><\/div><\/div><div class=\"tatsu-section-background-wrap\"><div class = \"tatsu-section-background\" ><\/div><\/div><div class=\"tatsu-overlay tatsu-section-overlay\"><\/div><style>.tatsu-SJb7_D5vNr .tatsu-section-pad{padding: 90px 0px 90px 0px;}.tatsu-SJb7_D5vNr .tatsu-section-offset-wrap{transform: translateY(-0px);}.tatsu-SJb7_D5vNr > .tatsu-bottom-divider{z-index: 9999;}.tatsu-SJb7_D5vNr > .tatsu-top-divider{z-index: 9999;}.tatsu-SJb7_D5vNr .tatsu-section-overlay{mix-blend-mode: normal;}<\/style><\/div>\n","protected":false},"excerpt":{"rendered":"<p><a href=\"https:\/\/www.cirqueleroux.com\/fr\/spectacles\/entre-chiens-et-louves\/\" class=\"more-link style2-button\">Read More<\/a><\/p>","protected":false},"author":1,"featured_media":0,"parent":0,"menu_order":0,"comment_status":"closed","ping_status":"closed","template":"","meta":{"footnotes":""},"class_list":["post-3383","page","type-page","status-publish","hentry"],"yoast_head":"<!-- This site is optimized with the Yoast SEO plugin v24.2 - https:\/\/yoast.com\/wordpress\/plugins\/seo\/ -->\n<title>Dates Tourn\u00e9e | Spectacles | Cirque Le Roux<\/title>\n<meta name=\"description\" content=\"Venez d\u00e9couvrir nos spectacles partout dans le monde. R\u00e9servez vos billets.\" \/>\n<meta name=\"robots\" content=\"index, follow, max-snippet:-1, max-image-preview:large, max-video-preview:-1\" \/>\n<link rel=\"canonical\" href=\"https:\/\/www.cirqueleroux.com\/fr\/calendrier-tournee\/\" \/>\n<meta property=\"og:locale\" content=\"fr_FR\" \/>\n<meta property=\"og:type\" content=\"article\" \/>\n<meta property=\"og:title\" content=\"Dates Tourn\u00e9e | Spectacles | Cirque Le Roux\" \/>\n<meta property=\"og:description\" content=\"Venez d\u00e9couvrir nos spectacles partout dans le monde. R\u00e9servez vos billets.\" \/>\n<meta property=\"og:url\" content=\"https:\/\/www.cirqueleroux.com\/fr\/calendrier-tournee\/\" \/>\n<meta property=\"og:site_name\" content=\"Cirque Le Roux\" \/>\n<meta property=\"article:modified_time\" content=\"2025-01-11T11:00:37+00:00\" \/>\n<meta name=\"twitter:card\" content=\"summary_large_image\" \/>\n<meta name=\"twitter:label1\" content=\"Dur\u00e9e de lecture estim\u00e9e\" \/>\n\t<meta name=\"twitter:data1\" content=\"3 minutes\" \/>\n<script type=\"application\/ld+json\" class=\"yoast-schema-graph\">{\"@context\":\"https:\/\/schema.org\",\"@graph\":[{\"@type\":\"WebPage\",\"@id\":\"https:\/\/www.cirqueleroux.com\/fr\/calendrier-tournee\/\",\"url\":\"https:\/\/www.cirqueleroux.com\/fr\/calendrier-tournee\/\",\"name\":\"Dates Tourn\u00e9e | Spectacles | Cirque Le Roux\",\"isPartOf\":{\"@id\":\"https:\/\/www.cirqueleroux.com\/#website\"},\"datePublished\":\"2019-08-19T03:25:58+00:00\",\"dateModified\":\"2025-01-11T11:00:37+00:00\",\"description\":\"Venez d\u00e9couvrir nos spectacles partout dans le monde. R\u00e9servez vos billets.\",\"breadcrumb\":{\"@id\":\"https:\/\/www.cirqueleroux.com\/fr\/calendrier-tournee\/#breadcrumb\"},\"inLanguage\":\"fr-FR\",\"potentialAction\":[{\"@type\":\"ReadAction\",\"target\":[\"https:\/\/www.cirqueleroux.com\/fr\/calendrier-tournee\/\"]}]},{\"@type\":\"BreadcrumbList\",\"@id\":\"https:\/\/www.cirqueleroux.com\/fr\/calendrier-tournee\/#breadcrumb\",\"itemListElement\":[{\"@type\":\"ListItem\",\"position\":1,\"name\":\"Accueil\",\"item\":\"https:\/\/www.cirqueleroux.com\/fr\/\"},{\"@type\":\"ListItem\",\"position\":2,\"name\":\"CALENDRIER TOURNEE\"}]},{\"@type\":\"WebSite\",\"@id\":\"https:\/\/www.cirqueleroux.com\/#website\",\"url\":\"https:\/\/www.cirqueleroux.com\/\",\"name\":\"Cirque Le Roux\",\"description\":\"\",\"potentialAction\":[{\"@type\":\"SearchAction\",\"target\":{\"@type\":\"EntryPoint\",\"urlTemplate\":\"https:\/\/www.cirqueleroux.com\/?s={search_term_string}\"},\"query-input\":{\"@type\":\"PropertyValueSpecification\",\"valueRequired\":true,\"valueName\":\"search_term_string\"}}],\"inLanguage\":\"fr-FR\"}]}<\/script>\n<!-- \/ Yoast SEO plugin. -->","yoast_head_json":{"title":"Dates Tourn\u00e9e | Spectacles | Cirque Le Roux","description":"Venez d\u00e9couvrir nos spectacles partout dans le monde. R\u00e9servez vos billets.","robots":{"index":"index","follow":"follow","max-snippet":"max-snippet:-1","max-image-preview":"max-image-preview:large","max-video-preview":"max-video-preview:-1"},"canonical":"https:\/\/www.cirqueleroux.com\/fr\/calendrier-tournee\/","og_locale":"fr_FR","og_type":"article","og_title":"Dates Tourn\u00e9e | Spectacles | Cirque Le Roux","og_description":"Venez d\u00e9couvrir nos spectacles partout dans le monde. R\u00e9servez vos billets.","og_url":"https:\/\/www.cirqueleroux.com\/fr\/calendrier-tournee\/","og_site_name":"Cirque Le Roux","article_modified_time":"2025-01-11T11:00:37+00:00","twitter_card":"summary_large_image","twitter_misc":{"Dur\u00e9e de lecture estim\u00e9e":"3 minutes"},"schema":{"@context":"https:\/\/schema.org","@graph":[{"@type":"WebPage","@id":"https:\/\/www.cirqueleroux.com\/fr\/calendrier-tournee\/","url":"https:\/\/www.cirqueleroux.com\/fr\/calendrier-tournee\/","name":"Dates Tourn\u00e9e | Spectacles | Cirque Le Roux","isPartOf":{"@id":"https:\/\/www.cirqueleroux.com\/#website"},"datePublished":"2019-08-19T03:25:58+00:00","dateModified":"2025-01-11T11:00:37+00:00","description":"Venez d\u00e9couvrir nos spectacles partout dans le monde. R\u00e9servez vos billets.","breadcrumb":{"@id":"https:\/\/www.cirqueleroux.com\/fr\/calendrier-tournee\/#breadcrumb"},"inLanguage":"fr-FR","potentialAction":[{"@type":"ReadAction","target":["https:\/\/www.cirqueleroux.com\/fr\/calendrier-tournee\/"]}]},{"@type":"BreadcrumbList","@id":"https:\/\/www.cirqueleroux.com\/fr\/calendrier-tournee\/#breadcrumb","itemListElement":[{"@type":"ListItem","position":1,"name":"Accueil","item":"https:\/\/www.cirqueleroux.com\/fr\/"},{"@type":"ListItem","position":2,"name":"CALENDRIER TOURNEE"}]},{"@type":"WebSite","@id":"https:\/\/www.cirqueleroux.com\/#website","url":"https:\/\/www.cirqueleroux.com\/","name":"Cirque Le Roux","description":"","potentialAction":[{"@type":"SearchAction","target":{"@type":"EntryPoint","urlTemplate":"https:\/\/www.cirqueleroux.com\/?s={search_term_string}"},"query-input":{"@type":"PropertyValueSpecification","valueRequired":true,"valueName":"search_term_string"}}],"inLanguage":"fr-FR"}]}},"_links":{"self":[{"href":"https:\/\/www.cirqueleroux.com\/fr\/wp-json\/wp\/v2\/pages\/3383","targetHints":{"allow":["GET"]}}],"collection":[{"href":"https:\/\/www.cirqueleroux.com\/fr\/wp-json\/wp\/v2\/pages"}],"about":[{"href":"https:\/\/www.cirqueleroux.com\/fr\/wp-json\/wp\/v2\/types\/page"}],"author":[{"embeddable":true,"href":"https:\/\/www.cirqueleroux.com\/fr\/wp-json\/wp\/v2\/users\/1"}],"replies":[{"embeddable":true,"href":"https:\/\/www.cirqueleroux.com\/fr\/wp-json\/wp\/v2\/comments?post=3383"}],"version-history":[{"count":4,"href":"https:\/\/www.cirqueleroux.com\/fr\/wp-json\/wp\/v2\/pages\/3383\/revisions"}],"predecessor-version":[{"id":5282,"href":"https:\/\/www.cirqueleroux.com\/fr\/wp-json\/wp\/v2\/pages\/3383\/revisions\/5282"}],"wp:attachment":[{"href":"https:\/\/www.cirqueleroux.com\/fr\/wp-json\/wp\/v2\/media?parent=3383"}],"curies":[{"name":"wp","href":"https:\/\/api.w.org\/{rel}","templated":true}]}}