{"id":5305,"date":"2025-03-13T14:59:55","date_gmt":"2025-03-13T13:59:55","guid":{"rendered":"https:\/\/www.cirqueleroux.com\/?page_id=5305"},"modified":"2025-03-26T14:52:12","modified_gmt":"2025-03-26T13:52:12","slug":"soutenez-nous","status":"publish","type":"page","link":"https:\/\/www.cirqueleroux.com\/en\/support-us\/","title":{"rendered":"SUPPORT US"},"content":{"rendered":"","protected":true},"excerpt":{"rendered":"","protected":true},"author":1,"featured_media":0,"parent":0,"menu_order":0,"comment_status":"closed","ping_status":"closed","template":"","meta":{"footnotes":""},"class_list":["post-5305","page","type-page","status-publish","post-password-required","hentry"],"yoast_head":"<!-- This site is optimized with the Yoast SEO plugin v24.2 - https:\/\/yoast.com\/wordpress\/plugins\/seo\/ -->\n<title>La Compagnie | Cirque Le Roux<\/title>\n<meta name=\"description\" content=\"Une compagnie de cirque fran\u00e7aise signant des \u0153uvres de haute voltige cin\u00e9matographiques dans des atmosph\u00e8res tragi-comiques et oniriques.\" \/>\n<meta name=\"robots\" content=\"index, follow, max-snippet:-1, max-image-preview:large, max-video-preview:-1\" \/>\n<link rel=\"canonical\" href=\"https:\/\/www.cirqueleroux.com\/en\/support-us\/\" \/>\n<meta property=\"og:locale\" content=\"en_GB\" \/>\n<meta property=\"og:type\" content=\"article\" \/>\n<meta property=\"og:title\" content=\"La Compagnie | Cirque Le Roux\" \/>\n<meta property=\"og:description\" content=\"Une compagnie de cirque fran\u00e7aise signant des \u0153uvres de haute voltige cin\u00e9matographiques dans des atmosph\u00e8res tragi-comiques et oniriques.\" \/>\n<meta property=\"og:url\" content=\"https:\/\/www.cirqueleroux.com\/en\/support-us\/\" \/>\n<meta property=\"og:site_name\" content=\"Cirque Le Roux\" \/>\n<meta property=\"article:modified_time\" content=\"2025-03-26T13:52:12+00:00\" \/>\n<meta name=\"twitter:card\" content=\"summary_large_image\" \/>\n<meta name=\"twitter:label1\" content=\"Estimated reading time\" \/>\n\t<meta name=\"twitter:data1\" content=\"9 minutes\" \/>\n<script type=\"application\/ld+json\" class=\"yoast-schema-graph\">{\"@context\":\"https:\/\/schema.org\",\"@graph\":[{\"@type\":\"WebPage\",\"@id\":\"https:\/\/www.cirqueleroux.com\/soutenez-nous\/\",\"url\":\"https:\/\/www.cirqueleroux.com\/soutenez-nous\/\",\"name\":\"La Compagnie | Cirque Le Roux\",\"isPartOf\":{\"@id\":\"https:\/\/www.cirqueleroux.com\/#website\"},\"datePublished\":\"2025-03-13T13:59:55+00:00\",\"dateModified\":\"2025-03-26T13:52:12+00:00\",\"breadcrumb\":{\"@id\":\"https:\/\/www.cirqueleroux.com\/soutenez-nous\/#breadcrumb\"},\"inLanguage\":\"en-GB\"},{\"@type\":\"WebSite\",\"@id\":\"https:\/\/www.cirqueleroux.com\/#website\",\"url\":\"https:\/\/www.cirqueleroux.com\/\",\"name\":\"Cirque Le Roux\",\"description\":\"\",\"potentialAction\":[{\"@type\":\"SearchAction\",\"target\":{\"@type\":\"EntryPoint\",\"urlTemplate\":\"https:\/\/www.cirqueleroux.com\/?s={search_term_string}\"},\"query-input\":{\"@type\":\"PropertyValueSpecification\",\"valueRequired\":true,\"valueName\":\"search_term_string\"}}],\"inLanguage\":\"en-GB\"}]}<\/script>\n<!-- \/ Yoast SEO plugin. -->","yoast_head_json":{"title":"La Compagnie | Cirque Le Roux","description":"Une compagnie de cirque fran\u00e7aise signant des \u0153uvres de haute voltige cin\u00e9matographiques dans des atmosph\u00e8res tragi-comiques et oniriques.","robots":{"index":"index","follow":"follow","max-snippet":"max-snippet:-1","max-image-preview":"max-image-preview:large","max-video-preview":"max-video-preview:-1"},"canonical":"https:\/\/www.cirqueleroux.com\/en\/support-us\/","og_locale":"en_GB","og_type":"article","og_title":"La Compagnie | Cirque Le Roux","og_description":"Une compagnie de cirque fran\u00e7aise signant des \u0153uvres de haute voltige cin\u00e9matographiques dans des atmosph\u00e8res tragi-comiques et oniriques.","og_url":"https:\/\/www.cirqueleroux.com\/en\/support-us\/","og_site_name":"Cirque Le Roux","article_modified_time":"2025-03-26T13:52:12+00:00","twitter_card":"summary_large_image","twitter_misc":{"Estimated reading time":"9 minutes"},"schema":{"@context":"https:\/\/schema.org","@graph":[{"@type":"WebPage","@id":"https:\/\/www.cirqueleroux.com\/soutenez-nous\/","url":"https:\/\/www.cirqueleroux.com\/soutenez-nous\/","name":"La Compagnie | Cirque Le Roux","isPartOf":{"@id":"https:\/\/www.cirqueleroux.com\/#website"},"datePublished":"2025-03-13T13:59:55+00:00","dateModified":"2025-03-26T13:52:12+00:00","breadcrumb":{"@id":"https:\/\/www.cirqueleroux.com\/soutenez-nous\/#breadcrumb"},"inLanguage":"en-GB"},{"@type":"WebSite","@id":"https:\/\/www.cirqueleroux.com\/#website","url":"https:\/\/www.cirqueleroux.com\/","name":"Cirque Le Roux","description":"","potentialAction":[{"@type":"SearchAction","target":{"@type":"EntryPoint","urlTemplate":"https:\/\/www.cirqueleroux.com\/?s={search_term_string}"},"query-input":{"@type":"PropertyValueSpecification","valueRequired":true,"valueName":"search_term_string"}}],"inLanguage":"en-GB"}]}},"_links":{"self":[{"href":"https:\/\/www.cirqueleroux.com\/en\/wp-json\/wp\/v2\/pages\/5305","targetHints":{"allow":["GET"]}}],"collection":[{"href":"https:\/\/www.cirqueleroux.com\/en\/wp-json\/wp\/v2\/pages"}],"about":[{"href":"https:\/\/www.cirqueleroux.com\/en\/wp-json\/wp\/v2\/types\/page"}],"author":[{"embeddable":true,"href":"https:\/\/www.cirqueleroux.com\/en\/wp-json\/wp\/v2\/users\/1"}],"replies":[{"embeddable":true,"href":"https:\/\/www.cirqueleroux.com\/en\/wp-json\/wp\/v2\/comments?post=5305"}],"version-history":[{"count":26,"href":"https:\/\/www.cirqueleroux.com\/en\/wp-json\/wp\/v2\/pages\/5305\/revisions"}],"predecessor-version":[{"id":5332,"href":"https:\/\/www.cirqueleroux.com\/en\/wp-json\/wp\/v2\/pages\/5305\/revisions\/5332"}],"wp:attachment":[{"href":"https:\/\/www.cirqueleroux.com\/en\/wp-json\/wp\/v2\/media?parent=5305"}],"curies":[{"name":"wp","href":"https:\/\/api.w.org\/{rel}","templated":true}]}}